{"id":12,"date":"2024-03-27T21:33:46","date_gmt":"2024-03-27T20:33:46","guid":{"rendered":"http:\/\/gdexper.cluster030.hosting.ovh.net\/?page_id=12"},"modified":"2024-09-24T21:43:56","modified_gmt":"2024-09-24T19:43:56","slug":"contact","status":"publish","type":"page","link":"https:\/\/gdexpertise.com\/index.php\/contact\/","title":{"rendered":"Contact"},"content":{"rendered":"\t\t<div data-elementor-type=\"wp-page\" data-elementor-id=\"12\" class=\"elementor elementor-12\" data-elementor-post-type=\"page\">\n\t\t\t\t<div class=\"elementor-element elementor-element-8c21baf e-con-full e-flex e-con e-parent\" data-id=\"8c21baf\" data-element_type=\"container\">\n\t\t\t\t<div class=\"elementor-element elementor-element-337f5de elementor-widget elementor-widget-formidable\" data-id=\"337f5de\" data-element_type=\"widget\" data-widget_type=\"formidable.default\">\n\t\t\t\t<div class=\"elementor-widget-container\">\n\t\t\t\t\t<div class=\"frm_forms  with_frm_style frm_style_style-formidable\" id=\"frm_form_2_container\" data-token=\"789403d9b7d1aa31c9da47fcdb37f6b3\">\n<form enctype=\"multipart\/form-data\" method=\"post\" class=\"frm-show-form \" id=\"form_contact-gd-expertise\" data-token=\"789403d9b7d1aa31c9da47fcdb37f6b3\">\n<div class=\"frm_form_fields \">\n<fieldset>\n<legend class=\"frm_screen_reader\">Contact GD EXPERTISE<\/legend>\r\n\r\n<div class=\"frm_fields_container\">\n<input type=\"hidden\" name=\"frm_action\" value=\"create\" \/>\n<input type=\"hidden\" name=\"form_id\" value=\"2\" \/>\n<input type=\"hidden\" name=\"frm_hide_fields_2\" id=\"frm_hide_fields_2\" value=\"\" \/>\n<input type=\"hidden\" name=\"form_key\" value=\"contact-gd-expertise\" \/>\n<input type=\"hidden\" name=\"item_meta[0]\" value=\"\" \/>\n<input type=\"hidden\" id=\"frm_submit_entry_2\" name=\"frm_submit_entry_2\" value=\"35619d81b2\" \/><input type=\"hidden\" name=\"_wp_http_referer\" value=\"\/index.php\/wp-json\/wp\/v2\/pages\/12\" \/><div id=\"frm_field_11_container\" class=\"frm_form_field form-field  frm_required_field frm_top_container\">\r\n    <label for=\"field_w4n9w\" id=\"field_w4n9w_label\" class=\"frm_primary_label\">NOM\r\n        <span class=\"frm_required\" aria-hidden=\"true\">*<\/span>\r\n    <\/label>\r\n    <input type=\"text\" id=\"field_w4n9w\" name=\"item_meta[11]\" value=\"\"  data-reqmsg=\"NOM cannot be blank.\" aria-required=\"true\" data-invmsg=\"NOM est non valide\" aria-invalid=\"false\"  \/>\r\n    \r\n    \r\n<\/div>\n<div id=\"frm_field_12_container\" class=\"frm_form_field form-field  frm_required_field frm_top_container\">\r\n    <label for=\"field_keghx\" id=\"field_keghx_label\" class=\"frm_primary_label\">Pr\u00e9nom\r\n        <span class=\"frm_required\" aria-hidden=\"true\">*<\/span>\r\n    <\/label>\r\n    <input type=\"text\" id=\"field_keghx\" name=\"item_meta[12]\" value=\"\"  data-reqmsg=\"Pr\u00e9nom cannot be blank.\" aria-required=\"true\" data-invmsg=\"Pr\u00e9nom est non valide\" aria-invalid=\"false\"  \/>\r\n    \r\n    \r\n<\/div>\n<div id=\"frm_field_13_container\" class=\"frm_form_field form-field  frm_top_container\">\r\n    <label for=\"field_rhe8\" id=\"field_rhe8_label\" class=\"frm_primary_label\">Soci\u00e9t\u00e9 \r\n        <span class=\"frm_required\" aria-hidden=\"true\"><\/span>\r\n    <\/label>\r\n    <input type=\"text\" id=\"field_rhe8\" name=\"item_meta[13]\" value=\"\"  data-invmsg=\"Soci\u00e9t\u00e9  est non valide\" aria-invalid=\"false\"  \/>\r\n    \r\n    \r\n<\/div>\n<div id=\"frm_field_8_container\" class=\"frm_form_field form-field  frm_required_field frm_top_container\">\r\n    <label for=\"field_4esnp\" id=\"field_4esnp_label\" class=\"frm_primary_label\">Email\r\n        <span class=\"frm_required\" aria-hidden=\"true\">*<\/span>\r\n    <\/label>\r\n    <input type=\"email\" id=\"field_4esnp\" name=\"item_meta[8]\" value=\"\"  data-reqmsg=\"Email cannot be blank.\" aria-required=\"true\" data-invmsg=\"Email est non valide\" aria-invalid=\"false\"  \/>\r\n    \r\n    \r\n<\/div>\n<div id=\"frm_field_14_container\" class=\"frm_form_field form-field  frm_required_field frm_top_container\">\r\n    <label for=\"field_4ullv\" id=\"field_4ullv_label\" class=\"frm_primary_label\">Adresse postale\r\n        <span class=\"frm_required\" aria-hidden=\"true\">*<\/span>\r\n    <\/label>\r\n    <input type=\"text\" id=\"field_4ullv\" name=\"item_meta[14]\" value=\"\"  data-reqmsg=\"Adresse postale cannot be blank.\" aria-required=\"true\" data-invmsg=\"Adresse postale est non valide\" aria-invalid=\"false\"  \/>\r\n    \r\n    \r\n<\/div>\n<div id=\"frm_field_15_container\" class=\"frm_form_field form-field  frm_required_field frm_top_container\">\r\n    <label for=\"field_kh2mo\" id=\"field_kh2mo_label\" class=\"frm_primary_label\">Votre demande concerne\r\n        <span class=\"frm_required\" aria-hidden=\"true\">*<\/span>\r\n    <\/label>\r\n    \t\t<select name=\"item_meta[15]\" id=\"field_kh2mo\"  data-frmval=\"d&#039;expertise ou de pathologie de b\u00e2timent\" data-reqmsg=\"Votre demande concerne cannot be blank.\" aria-required=\"true\" data-invmsg=\"Votre demande concerne est non valide\" aria-invalid=\"false\"  >\n\t\t<option  value=\"Une mission d&#039;expert d&#039;assur\u00e9\">Une mission d&#039;expert d&#039;assur\u00e9<\/option><option  value=\"Une mission d&#039;assistance \u00e0 la ma\u00eetrise d&#039;ouvrage\">Une mission d&#039;assistance \u00e0 la ma\u00eetrise d&#039;ouvrage<\/option><option  value=\"de la coordination de travaux ou d&#039;aide \u00e0 la r\u00e9ception de chantier\">de la coordination de travaux ou d&#039;aide \u00e0 la r\u00e9ception de chantier<\/option><option  value=\"d&#039;expertise ou de pathologie de b\u00e2timent\" selected='selected'>d&#039;expertise ou de pathologie de b\u00e2timent<\/option>\t<\/select>\n\t\r\n    \r\n    \r\n<\/div>\n<div id=\"frm_field_10_container\" class=\"frm_form_field form-field  frm_top_container\">\r\n    <label for=\"field_r1zsz\" id=\"field_r1zsz_label\" class=\"frm_primary_label\">Description de votre demande\r\n        <span class=\"frm_required\" aria-hidden=\"true\"><\/span>\r\n    <\/label>\r\n    <input type=\"text\" id=\"field_r1zsz\" name=\"item_meta[10]\" value=\"\"  data-invmsg=\"Description de votre demande est non valide\" aria-invalid=\"false\"  \/>\r\n    \r\n    \r\n<\/div>\n\t<input type=\"hidden\" name=\"item_key\" value=\"\" \/>\n\t\t\t\t<div class=\"frm__66040cf048371\">\n\t\t\t\t<label for=\"frm_email_2\" >\n\t\t\t\t\tSi vous \u00eates un humain, ne remplissez pas ce champ.\t\t\t\t<\/label>\n\t\t\t\t<input  id=\"frm_email_2\" type=\"text\" class=\"frm_verify\" name=\"frm__66040cf048371\" value=\"\" autocomplete=\"off\"  \/>\n\t\t\t<\/div>\n\t\t<div class=\"frm_submit frm_flex\">\r\n<button class=\"frm_button_submit\" type=\"submit\"  >Envoyer<\/button>\r\n\r\n\r\n\r\n<\/div><\/div>\n<\/fieldset>\n<\/div>\n\n<\/form>\n<\/div>\n\t\t\t\t<\/div>\n\t\t\t\t<\/div>\n\t\t\t\t<\/div>\n\t\t\t\t<\/div>\n\t\t","protected":false},"excerpt":{"rendered":"<p>Contact GD EXPERTISE NOM * Pr\u00e9nom * Soci\u00e9t\u00e9 Email * Adresse postale * Description de votre demande Si vous \u00eates un humain, ne remplissez pas ce champ. Envoyer<\/p>\n","protected":false},"author":1,"featured_media":0,"parent":0,"menu_order":0,"comment_status":"closed","ping_status":"closed","template":"","meta":{"saved_in_kubio":false,"footnotes":""},"class_list":["post-12","page","type-page","status-publish","hentry"],"kubio_ai_page_context":{"short_desc":"","purpose":"general"},"yoast_head":"<!-- This site is optimized with the Yoast SEO plugin v24.2 - https:\/\/yoast.com\/wordpress\/plugins\/seo\/ -->\n<title>Contact - GD EXPERTISE<\/title>\n<meta name=\"description\" content=\"Besoin d&#039;un devis pour une mission de ma\u00eetrise d&#039;\u0153uvre ou une expertise; n&#039;h\u00e9sitez pas \u00e0 nous contacter via le formulaire ci-dessous.\" \/>\n<meta name=\"robots\" content=\"index, follow, max-snippet:-1, max-image-preview:large, max-video-preview:-1\" \/>\n<link rel=\"canonical\" href=\"https:\/\/gdexpertise.com\/index.php\/contact\/\" \/>\n<meta property=\"og:locale\" content=\"fr_FR\" \/>\n<meta property=\"og:type\" content=\"article\" \/>\n<meta property=\"og:title\" content=\"Contact - GD EXPERTISE\" \/>\n<meta property=\"og:description\" content=\"Besoin d&#039;un devis pour une mission de ma\u00eetrise d&#039;\u0153uvre ou une expertise; n&#039;h\u00e9sitez pas \u00e0 nous contacter via le formulaire ci-dessous.\" \/>\n<meta property=\"og:url\" content=\"https:\/\/gdexpertise.com\/index.php\/contact\/\" \/>\n<meta property=\"og:site_name\" content=\"GD EXPERTISE\" \/>\n<meta property=\"article:modified_time\" content=\"2024-09-24T19:43:56+00:00\" \/>\n<meta name=\"twitter:card\" content=\"summary_large_image\" \/>\n<meta name=\"twitter:label1\" content=\"Dur\u00e9e de lecture estim\u00e9e\" \/>\n\t<meta name=\"twitter:data1\" content=\"1 minute\" \/>\n<script type=\"application\/ld+json\" class=\"yoast-schema-graph\">{\"@context\":\"https:\/\/schema.org\",\"@graph\":[{\"@type\":[\"WebPage\",\"ContactPage\"],\"@id\":\"https:\/\/gdexpertise.com\/index.php\/contact\/\",\"url\":\"https:\/\/gdexpertise.com\/index.php\/contact\/\",\"name\":\"Contact - GD EXPERTISE\",\"isPartOf\":{\"@id\":\"https:\/\/gdexpertise.com\/#website\"},\"datePublished\":\"2024-03-27T20:33:46+00:00\",\"dateModified\":\"2024-09-24T19:43:56+00:00\",\"description\":\"Besoin d'un devis pour une mission de ma\u00eetrise d'\u0153uvre ou une expertise; n'h\u00e9sitez pas \u00e0 nous contacter via le formulaire ci-dessous.\",\"breadcrumb\":{\"@id\":\"https:\/\/gdexpertise.com\/index.php\/contact\/#breadcrumb\"},\"inLanguage\":\"fr-FR\",\"potentialAction\":[{\"@type\":\"ReadAction\",\"target\":[\"https:\/\/gdexpertise.com\/index.php\/contact\/\"]}]},{\"@type\":\"BreadcrumbList\",\"@id\":\"https:\/\/gdexpertise.com\/index.php\/contact\/#breadcrumb\",\"itemListElement\":[{\"@type\":\"ListItem\",\"position\":1,\"name\":\"Accueil\",\"item\":\"https:\/\/gdexpertise.com\/\"},{\"@type\":\"ListItem\",\"position\":2,\"name\":\"Contact\"}]},{\"@type\":\"WebSite\",\"@id\":\"https:\/\/gdexpertise.com\/#website\",\"url\":\"https:\/\/gdexpertise.com\/\",\"name\":\"GD EXPERTISE\",\"description\":\"Un expert b\u00e2timent en toutes circonstances!\",\"publisher\":{\"@id\":\"https:\/\/gdexpertise.com\/#organization\"},\"potentialAction\":[{\"@type\":\"SearchAction\",\"target\":{\"@type\":\"EntryPoint\",\"urlTemplate\":\"https:\/\/gdexpertise.com\/?s={search_term_string}\"},\"query-input\":{\"@type\":\"PropertyValueSpecification\",\"valueRequired\":true,\"valueName\":\"search_term_string\"}}],\"inLanguage\":\"fr-FR\"},{\"@type\":\"Organization\",\"@id\":\"https:\/\/gdexpertise.com\/#organization\",\"name\":\"GD EXPERTISE\",\"url\":\"https:\/\/gdexpertise.com\/\",\"logo\":{\"@type\":\"ImageObject\",\"inLanguage\":\"fr-FR\",\"@id\":\"https:\/\/gdexpertise.com\/#\/schema\/logo\/image\/\",\"url\":\"https:\/\/gdexpertise.com\/wp-content\/uploads\/2024\/03\/cropped-GD-EXPERTISE-2E447D.png\",\"contentUrl\":\"https:\/\/gdexpertise.com\/wp-content\/uploads\/2024\/03\/cropped-GD-EXPERTISE-2E447D.png\",\"width\":500,\"height\":231,\"caption\":\"GD EXPERTISE\"},\"image\":{\"@id\":\"https:\/\/gdexpertise.com\/#\/schema\/logo\/image\/\"}}]}<\/script>\n<!-- \/ Yoast SEO plugin. -->","yoast_head_json":{"title":"Contact - GD EXPERTISE","description":"Besoin d'un devis pour une mission de ma\u00eetrise d'\u0153uvre ou une expertise; n'h\u00e9sitez pas \u00e0 nous contacter via le formulaire ci-dessous.","robots":{"index":"index","follow":"follow","max-snippet":"max-snippet:-1","max-image-preview":"max-image-preview:large","max-video-preview":"max-video-preview:-1"},"canonical":"https:\/\/gdexpertise.com\/index.php\/contact\/","og_locale":"fr_FR","og_type":"article","og_title":"Contact - GD EXPERTISE","og_description":"Besoin d'un devis pour une mission de ma\u00eetrise d'\u0153uvre ou une expertise; n'h\u00e9sitez pas \u00e0 nous contacter via le formulaire ci-dessous.","og_url":"https:\/\/gdexpertise.com\/index.php\/contact\/","og_site_name":"GD EXPERTISE","article_modified_time":"2024-09-24T19:43:56+00:00","twitter_card":"summary_large_image","twitter_misc":{"Dur\u00e9e de lecture estim\u00e9e":"1 minute"},"schema":{"@context":"https:\/\/schema.org","@graph":[{"@type":["WebPage","ContactPage"],"@id":"https:\/\/gdexpertise.com\/index.php\/contact\/","url":"https:\/\/gdexpertise.com\/index.php\/contact\/","name":"Contact - GD EXPERTISE","isPartOf":{"@id":"https:\/\/gdexpertise.com\/#website"},"datePublished":"2024-03-27T20:33:46+00:00","dateModified":"2024-09-24T19:43:56+00:00","description":"Besoin d'un devis pour une mission de ma\u00eetrise d'\u0153uvre ou une expertise; n'h\u00e9sitez pas \u00e0 nous contacter via le formulaire ci-dessous.","breadcrumb":{"@id":"https:\/\/gdexpertise.com\/index.php\/contact\/#breadcrumb"},"inLanguage":"fr-FR","potentialAction":[{"@type":"ReadAction","target":["https:\/\/gdexpertise.com\/index.php\/contact\/"]}]},{"@type":"BreadcrumbList","@id":"https:\/\/gdexpertise.com\/index.php\/contact\/#breadcrumb","itemListElement":[{"@type":"ListItem","position":1,"name":"Accueil","item":"https:\/\/gdexpertise.com\/"},{"@type":"ListItem","position":2,"name":"Contact"}]},{"@type":"WebSite","@id":"https:\/\/gdexpertise.com\/#website","url":"https:\/\/gdexpertise.com\/","name":"GD EXPERTISE","description":"Un expert b\u00e2timent en toutes circonstances!","publisher":{"@id":"https:\/\/gdexpertise.com\/#organization"},"potentialAction":[{"@type":"SearchAction","target":{"@type":"EntryPoint","urlTemplate":"https:\/\/gdexpertise.com\/?s={search_term_string}"},"query-input":{"@type":"PropertyValueSpecification","valueRequired":true,"valueName":"search_term_string"}}],"inLanguage":"fr-FR"},{"@type":"Organization","@id":"https:\/\/gdexpertise.com\/#organization","name":"GD EXPERTISE","url":"https:\/\/gdexpertise.com\/","logo":{"@type":"ImageObject","inLanguage":"fr-FR","@id":"https:\/\/gdexpertise.com\/#\/schema\/logo\/image\/","url":"https:\/\/gdexpertise.com\/wp-content\/uploads\/2024\/03\/cropped-GD-EXPERTISE-2E447D.png","contentUrl":"https:\/\/gdexpertise.com\/wp-content\/uploads\/2024\/03\/cropped-GD-EXPERTISE-2E447D.png","width":500,"height":231,"caption":"GD EXPERTISE"},"image":{"@id":"https:\/\/gdexpertise.com\/#\/schema\/logo\/image\/"}}]}},"_links":{"self":[{"href":"https:\/\/gdexpertise.com\/index.php\/wp-json\/wp\/v2\/pages\/12","targetHints":{"allow":["GET"]}}],"collection":[{"href":"https:\/\/gdexpertise.com\/index.php\/wp-json\/wp\/v2\/pages"}],"about":[{"href":"https:\/\/gdexpertise.com\/index.php\/wp-json\/wp\/v2\/types\/page"}],"author":[{"embeddable":true,"href":"https:\/\/gdexpertise.com\/index.php\/wp-json\/wp\/v2\/users\/1"}],"replies":[{"embeddable":true,"href":"https:\/\/gdexpertise.com\/index.php\/wp-json\/wp\/v2\/comments?post=12"}],"version-history":[{"count":4,"href":"https:\/\/gdexpertise.com\/index.php\/wp-json\/wp\/v2\/pages\/12\/revisions"}],"predecessor-version":[{"id":161,"href":"https:\/\/gdexpertise.com\/index.php\/wp-json\/wp\/v2\/pages\/12\/revisions\/161"}],"wp:attachment":[{"href":"https:\/\/gdexpertise.com\/index.php\/wp-json\/wp\/v2\/media?parent=12"}],"curies":[{"name":"wp","href":"https:\/\/api.w.org\/{rel}","templated":true}]}}