{"id":302,"date":"2024-09-18T21:53:40","date_gmt":"2024-09-18T19:53:40","guid":{"rendered":"https:\/\/gdexper.cluster030.hosting.ovh.net\/?page_id=302"},"modified":"2025-07-10T16:01:25","modified_gmt":"2025-07-10T14:01:25","slug":"salle-blanche-zones-a-environnement-controle","status":"publish","type":"page","link":"https:\/\/gdexpertise.com\/index.php\/salle-blanche-zones-a-environnement-controle\/","title":{"rendered":"Salle Blanche"},"content":{"rendered":"\t\t<div data-elementor-type=\"wp-page\" data-elementor-id=\"302\" class=\"elementor elementor-302\" data-elementor-post-type=\"page\">\n\t\t\t\t<div class=\"elementor-element elementor-element-8c79a4f e-con-full e-flex e-con e-parent\" data-id=\"8c79a4f\" data-element_type=\"container\">\n\t\t\t\t<div class=\"elementor-element elementor-element-430a249 elementor-widget elementor-widget-heading\" data-id=\"430a249\" data-element_type=\"widget\" data-widget_type=\"heading.default\">\n\t\t\t\t<div class=\"elementor-widget-container\">\n\t\t\t\t\t<h2 class=\"elementor-heading-title elementor-size-default\"><span class=\"kubio-has-inline-color\">Salles blanches ou zones \u00e0 environnement contr\u00f4l\u00e9<\/span><\/h2>\t\t\t\t<\/div>\n\t\t\t\t<\/div>\n\t\t\t\t<\/div>\n\t\t<div class=\"elementor-element elementor-element-73893b7 e-flex e-con-boxed e-con e-parent\" data-id=\"73893b7\" data-element_type=\"container\">\n\t\t\t\t\t<div class=\"e-con-inner\">\n\t\t\t\t<div class=\"elementor-element elementor-element-e38dd2a elementor-widget__width-initial elementor-widget elementor-widget-text-editor\" data-id=\"e38dd2a\" data-element_type=\"widget\" data-widget_type=\"text-editor.default\">\n\t\t\t\t<div class=\"elementor-widget-container\">\n\t\t\t\t\t\t\t\t\t<p>Nous travaillons r\u00e9guli\u00e8rement pour nos clients dans des zones \u00e0 environnement contr\u00f4l\u00e9. Ainsi, nous ma\u00eetrisons parfaitement les risques de contamination dans ces lieux et la r\u00e9glementation sp\u00e9cifique avec notamment les normes ISO 14644 et ISO 14698. La conception de ces salles est conditionn\u00e9e \u00e0 l\u2019usage de ces derni\u00e8res et au niveau d\u2019exigence demand\u00e9 par les utilisateurs.&nbsp;<\/p>\t\t\t\t\t\t\t\t<\/div>\n\t\t\t\t<\/div>\n\t\t\t\t\t<\/div>\n\t\t\t\t<\/div>\n\t\t<div class=\"elementor-element elementor-element-f2a9132 e-con-full e-flex e-con e-parent\" data-id=\"f2a9132\" data-element_type=\"container\">\n\t\t\t\t<div class=\"elementor-element elementor-element-20b5395 elementor-widget elementor-widget-image\" data-id=\"20b5395\" data-element_type=\"widget\" data-widget_type=\"image.default\">\n\t\t\t\t<div class=\"elementor-widget-container\">\n\t\t\t\t\t\t\t\t\t\t\t\t\t\t\t<img fetchpriority=\"high\" decoding=\"async\" width=\"708\" height=\"332\" src=\"https:\/\/gdexpertise.com\/wp-content\/uploads\/2024\/09\/classe-salle-blanche.png\" class=\"attachment-large size-large wp-image-323\" alt=\"\" srcset=\"https:\/\/gdexpertise.com\/wp-content\/uploads\/2024\/09\/classe-salle-blanche.png 708w, https:\/\/gdexpertise.com\/wp-content\/uploads\/2024\/09\/classe-salle-blanche-300x141.png 300w\" sizes=\"(max-width: 708px) 100vw, 708px\" \/>\t\t\t\t\t\t\t\t\t\t\t\t\t\t\t<\/div>\n\t\t\t\t<\/div>\n\t\t\t\t<\/div>\n\t\t<div class=\"elementor-element elementor-element-9b44f9b e-flex e-con-boxed e-con e-parent\" data-id=\"9b44f9b\" data-element_type=\"container\">\n\t\t\t\t\t<div class=\"e-con-inner\">\n\t\t\t\t<div class=\"elementor-element elementor-element-e382b9c elementor-widget elementor-widget-text-editor\" data-id=\"e382b9c\" data-element_type=\"widget\" data-settings=\"{&quot;_animation&quot;:&quot;none&quot;}\" data-widget_type=\"text-editor.default\">\n\t\t\t\t<div class=\"elementor-widget-container\">\n\t\t\t\t\t\t\t\t\t<p>Le niveau de propret\u00e9 souhait\u00e9 est d\u00e9fini par la classe ISO ci-dessus. Pour obtenir ce niveau d&rsquo;exigence, plusieurs param\u00e8tres doivent \u00eatre regard\u00e9s avec attention. Le type de rev\u00eatement est le premier crit\u00e8re. Puis, il est tr\u00e8s important de r\u00e9aliser une \u00e9tude HVAC pouss\u00e9e afin de garantir un taux de brassage suffisant, une filtration adapt\u00e9e. Il faut \u00e9galement regarder le cheminement des produits et des personnes pour dimensionner au plus juste les locaux.<\/p><p>\u00a0<\/p>\t\t\t\t\t\t\t\t<\/div>\n\t\t\t\t<\/div>\n\t\t\t\t<div class=\"elementor-element elementor-element-d7f80c7 elementor-widget elementor-widget-button\" data-id=\"d7f80c7\" data-element_type=\"widget\" data-settings=\"{&quot;_animation&quot;:&quot;none&quot;,&quot;_animation_delay&quot;:300}\" data-widget_type=\"button.default\">\n\t\t\t\t<div class=\"elementor-widget-container\">\n\t\t\t\t\t\t\t\t\t<div class=\"elementor-button-wrapper\">\n\t\t\t\t\t<a class=\"elementor-button elementor-button-link elementor-size-sm\" href=\"https:\/\/gdexpertise.com\/index.php\/contact\/\">\n\t\t\t\t\t\t<span class=\"elementor-button-content-wrapper\">\n\t\t\t\t\t\t<span class=\"elementor-button-icon\">\n\t\t\t\t<svg aria-hidden=\"true\" class=\"e-font-icon-svg e-far-calendar-alt\" viewBox=\"0 0 448 512\" xmlns=\"http:\/\/www.w3.org\/2000\/svg\"><path d=\"M148 288h-40c-6.6 0-12-5.4-12-12v-40c0-6.6 5.4-12 12-12h40c6.6 0 12 5.4 12 12v40c0 6.6-5.4 12-12 12zm108-12v-40c0-6.6-5.4-12-12-12h-40c-6.6 0-12 5.4-12 12v40c0 6.6 5.4 12 12 12h40c6.6 0 12-5.4 12-12zm96 0v-40c0-6.6-5.4-12-12-12h-40c-6.6 0-12 5.4-12 12v40c0 6.6 5.4 12 12 12h40c6.6 0 12-5.4 12-12zm-96 96v-40c0-6.6-5.4-12-12-12h-40c-6.6 0-12 5.4-12 12v40c0 6.6 5.4 12 12 12h40c6.6 0 12-5.4 12-12zm-96 0v-40c0-6.6-5.4-12-12-12h-40c-6.6 0-12 5.4-12 12v40c0 6.6 5.4 12 12 12h40c6.6 0 12-5.4 12-12zm192 0v-40c0-6.6-5.4-12-12-12h-40c-6.6 0-12 5.4-12 12v40c0 6.6 5.4 12 12 12h40c6.6 0 12-5.4 12-12zm96-260v352c0 26.5-21.5 48-48 48H48c-26.5 0-48-21.5-48-48V112c0-26.5 21.5-48 48-48h48V12c0-6.6 5.4-12 12-12h40c6.6 0 12 5.4 12 12v52h128V12c0-6.6 5.4-12 12-12h40c6.6 0 12 5.4 12 12v52h48c26.5 0 48 21.5 48 48zm-48 346V160H48v298c0 3.3 2.7 6 6 6h340c3.3 0 6-2.7 6-6z\"><\/path><\/svg>\t\t\t<\/span>\n\t\t\t\t\t\t\t\t\t<span class=\"elementor-button-text\">OBTENIR UN DEVIS <\/span>\n\t\t\t\t\t<\/span>\n\t\t\t\t\t<\/a>\n\t\t\t\t<\/div>\n\t\t\t\t\t\t\t\t<\/div>\n\t\t\t\t<\/div>\n\t\t\t\t\t<\/div>\n\t\t\t\t<\/div>\n\t\t<div class=\"elementor-element elementor-element-a5867c8 e-flex e-con-boxed e-con e-parent\" data-id=\"a5867c8\" data-element_type=\"container\">\n\t\t\t\t\t<div class=\"e-con-inner\">\n\t\t\t\t\t<\/div>\n\t\t\t\t<\/div>\n\t\t\t\t<\/div>\n\t\t","protected":false},"excerpt":{"rendered":"<p>Salles blanches ou zones \u00e0 environnement contr\u00f4l\u00e9 Nous travaillons r\u00e9guli\u00e8rement pour nos clients dans des zones \u00e0 environnement contr\u00f4l\u00e9. Ainsi, nous ma\u00eetrisons parfaitement les risques de contamination dans ces lieux et la r\u00e9glementation sp\u00e9cifique avec notamment les normes ISO 14644 et ISO 14698. La conception de ces salles est conditionn\u00e9e \u00e0 l\u2019usage de ces derni\u00e8res [&hellip;]<\/p>\n","protected":false},"author":1,"featured_media":0,"parent":0,"menu_order":0,"comment_status":"closed","ping_status":"closed","template":"","meta":{"saved_in_kubio":true,"footnotes":""},"class_list":["post-302","page","type-page","status-publish","hentry"],"kubio_ai_page_context":{"short_desc":"","purpose":"general"},"yoast_head":"<!-- This site is optimized with the Yoast SEO plugin v24.2 - https:\/\/yoast.com\/wordpress\/plugins\/seo\/ -->\n<title>Salle Blanche - GD EXPERTISE<\/title>\n<meta name=\"description\" content=\"Nous vous accompagnons pour cr\u00e9er, agrandir ou modifier vos salles blanches ou zones \u00e0 environnement contr\u00f4l\u00e9.\" \/>\n<meta name=\"robots\" content=\"index, follow, max-snippet:-1, max-image-preview:large, max-video-preview:-1\" \/>\n<link rel=\"canonical\" href=\"https:\/\/gdexpertise.com\/index.php\/salle-blanche-zones-a-environnement-controle\/\" \/>\n<meta property=\"og:locale\" content=\"fr_FR\" \/>\n<meta property=\"og:type\" content=\"article\" \/>\n<meta property=\"og:title\" content=\"Salle Blanche - GD EXPERTISE\" \/>\n<meta property=\"og:description\" content=\"Nous vous accompagnons pour cr\u00e9er, agrandir ou modifier vos salles blanches ou zones \u00e0 environnement contr\u00f4l\u00e9.\" \/>\n<meta property=\"og:url\" content=\"https:\/\/gdexpertise.com\/index.php\/salle-blanche-zones-a-environnement-controle\/\" \/>\n<meta property=\"og:site_name\" content=\"GD EXPERTISE\" \/>\n<meta property=\"article:modified_time\" content=\"2025-07-10T14:01:25+00:00\" \/>\n<meta property=\"og:image\" content=\"https:\/\/gdexpertise.com\/wp-content\/uploads\/2024\/09\/classe-salle-blanche.png\" \/>\n\t<meta property=\"og:image:width\" content=\"708\" \/>\n\t<meta property=\"og:image:height\" content=\"332\" \/>\n\t<meta property=\"og:image:type\" content=\"image\/png\" \/>\n<meta name=\"twitter:card\" content=\"summary_large_image\" \/>\n<meta name=\"twitter:label1\" content=\"Dur\u00e9e de lecture estim\u00e9e\" \/>\n\t<meta name=\"twitter:data1\" content=\"1 minute\" \/>\n<script type=\"application\/ld+json\" class=\"yoast-schema-graph\">{\"@context\":\"https:\/\/schema.org\",\"@graph\":[{\"@type\":\"WebPage\",\"@id\":\"https:\/\/gdexpertise.com\/index.php\/salle-blanche-zones-a-environnement-controle\/\",\"url\":\"https:\/\/gdexpertise.com\/index.php\/salle-blanche-zones-a-environnement-controle\/\",\"name\":\"Salle Blanche - GD EXPERTISE\",\"isPartOf\":{\"@id\":\"https:\/\/gdexpertise.com\/#website\"},\"primaryImageOfPage\":{\"@id\":\"https:\/\/gdexpertise.com\/index.php\/salle-blanche-zones-a-environnement-controle\/#primaryimage\"},\"image\":{\"@id\":\"https:\/\/gdexpertise.com\/index.php\/salle-blanche-zones-a-environnement-controle\/#primaryimage\"},\"thumbnailUrl\":\"https:\/\/gdexpertise.com\/wp-content\/uploads\/2024\/09\/classe-salle-blanche.png\",\"datePublished\":\"2024-09-18T19:53:40+00:00\",\"dateModified\":\"2025-07-10T14:01:25+00:00\",\"description\":\"Nous vous accompagnons pour cr\u00e9er, agrandir ou modifier vos salles blanches ou zones \u00e0 environnement contr\u00f4l\u00e9.\",\"breadcrumb\":{\"@id\":\"https:\/\/gdexpertise.com\/index.php\/salle-blanche-zones-a-environnement-controle\/#breadcrumb\"},\"inLanguage\":\"fr-FR\",\"potentialAction\":[{\"@type\":\"ReadAction\",\"target\":[\"https:\/\/gdexpertise.com\/index.php\/salle-blanche-zones-a-environnement-controle\/\"]}]},{\"@type\":\"ImageObject\",\"inLanguage\":\"fr-FR\",\"@id\":\"https:\/\/gdexpertise.com\/index.php\/salle-blanche-zones-a-environnement-controle\/#primaryimage\",\"url\":\"https:\/\/gdexpertise.com\/wp-content\/uploads\/2024\/09\/classe-salle-blanche.png\",\"contentUrl\":\"https:\/\/gdexpertise.com\/wp-content\/uploads\/2024\/09\/classe-salle-blanche.png\",\"width\":708,\"height\":332},{\"@type\":\"BreadcrumbList\",\"@id\":\"https:\/\/gdexpertise.com\/index.php\/salle-blanche-zones-a-environnement-controle\/#breadcrumb\",\"itemListElement\":[{\"@type\":\"ListItem\",\"position\":1,\"name\":\"Accueil\",\"item\":\"https:\/\/gdexpertise.com\/\"},{\"@type\":\"ListItem\",\"position\":2,\"name\":\"Salle Blanche\"}]},{\"@type\":\"WebSite\",\"@id\":\"https:\/\/gdexpertise.com\/#website\",\"url\":\"https:\/\/gdexpertise.com\/\",\"name\":\"GD EXPERTISE\",\"description\":\"Un expert b\u00e2timent en toutes circonstances!\",\"publisher\":{\"@id\":\"https:\/\/gdexpertise.com\/#organization\"},\"potentialAction\":[{\"@type\":\"SearchAction\",\"target\":{\"@type\":\"EntryPoint\",\"urlTemplate\":\"https:\/\/gdexpertise.com\/?s={search_term_string}\"},\"query-input\":{\"@type\":\"PropertyValueSpecification\",\"valueRequired\":true,\"valueName\":\"search_term_string\"}}],\"inLanguage\":\"fr-FR\"},{\"@type\":\"Organization\",\"@id\":\"https:\/\/gdexpertise.com\/#organization\",\"name\":\"GD EXPERTISE\",\"url\":\"https:\/\/gdexpertise.com\/\",\"logo\":{\"@type\":\"ImageObject\",\"inLanguage\":\"fr-FR\",\"@id\":\"https:\/\/gdexpertise.com\/#\/schema\/logo\/image\/\",\"url\":\"https:\/\/gdexpertise.com\/wp-content\/uploads\/2024\/03\/cropped-GD-EXPERTISE-2E447D.png\",\"contentUrl\":\"https:\/\/gdexpertise.com\/wp-content\/uploads\/2024\/03\/cropped-GD-EXPERTISE-2E447D.png\",\"width\":500,\"height\":231,\"caption\":\"GD EXPERTISE\"},\"image\":{\"@id\":\"https:\/\/gdexpertise.com\/#\/schema\/logo\/image\/\"}}]}<\/script>\n<!-- \/ Yoast SEO plugin. -->","yoast_head_json":{"title":"Salle Blanche - GD EXPERTISE","description":"Nous vous accompagnons pour cr\u00e9er, agrandir ou modifier vos salles blanches ou zones \u00e0 environnement contr\u00f4l\u00e9.","robots":{"index":"index","follow":"follow","max-snippet":"max-snippet:-1","max-image-preview":"max-image-preview:large","max-video-preview":"max-video-preview:-1"},"canonical":"https:\/\/gdexpertise.com\/index.php\/salle-blanche-zones-a-environnement-controle\/","og_locale":"fr_FR","og_type":"article","og_title":"Salle Blanche - GD EXPERTISE","og_description":"Nous vous accompagnons pour cr\u00e9er, agrandir ou modifier vos salles blanches ou zones \u00e0 environnement contr\u00f4l\u00e9.","og_url":"https:\/\/gdexpertise.com\/index.php\/salle-blanche-zones-a-environnement-controle\/","og_site_name":"GD EXPERTISE","article_modified_time":"2025-07-10T14:01:25+00:00","og_image":[{"width":708,"height":332,"url":"https:\/\/gdexpertise.com\/wp-content\/uploads\/2024\/09\/classe-salle-blanche.png","type":"image\/png"}],"twitter_card":"summary_large_image","twitter_misc":{"Dur\u00e9e de lecture estim\u00e9e":"1 minute"},"schema":{"@context":"https:\/\/schema.org","@graph":[{"@type":"WebPage","@id":"https:\/\/gdexpertise.com\/index.php\/salle-blanche-zones-a-environnement-controle\/","url":"https:\/\/gdexpertise.com\/index.php\/salle-blanche-zones-a-environnement-controle\/","name":"Salle Blanche - GD EXPERTISE","isPartOf":{"@id":"https:\/\/gdexpertise.com\/#website"},"primaryImageOfPage":{"@id":"https:\/\/gdexpertise.com\/index.php\/salle-blanche-zones-a-environnement-controle\/#primaryimage"},"image":{"@id":"https:\/\/gdexpertise.com\/index.php\/salle-blanche-zones-a-environnement-controle\/#primaryimage"},"thumbnailUrl":"https:\/\/gdexpertise.com\/wp-content\/uploads\/2024\/09\/classe-salle-blanche.png","datePublished":"2024-09-18T19:53:40+00:00","dateModified":"2025-07-10T14:01:25+00:00","description":"Nous vous accompagnons pour cr\u00e9er, agrandir ou modifier vos salles blanches ou zones \u00e0 environnement contr\u00f4l\u00e9.","breadcrumb":{"@id":"https:\/\/gdexpertise.com\/index.php\/salle-blanche-zones-a-environnement-controle\/#breadcrumb"},"inLanguage":"fr-FR","potentialAction":[{"@type":"ReadAction","target":["https:\/\/gdexpertise.com\/index.php\/salle-blanche-zones-a-environnement-controle\/"]}]},{"@type":"ImageObject","inLanguage":"fr-FR","@id":"https:\/\/gdexpertise.com\/index.php\/salle-blanche-zones-a-environnement-controle\/#primaryimage","url":"https:\/\/gdexpertise.com\/wp-content\/uploads\/2024\/09\/classe-salle-blanche.png","contentUrl":"https:\/\/gdexpertise.com\/wp-content\/uploads\/2024\/09\/classe-salle-blanche.png","width":708,"height":332},{"@type":"BreadcrumbList","@id":"https:\/\/gdexpertise.com\/index.php\/salle-blanche-zones-a-environnement-controle\/#breadcrumb","itemListElement":[{"@type":"ListItem","position":1,"name":"Accueil","item":"https:\/\/gdexpertise.com\/"},{"@type":"ListItem","position":2,"name":"Salle Blanche"}]},{"@type":"WebSite","@id":"https:\/\/gdexpertise.com\/#website","url":"https:\/\/gdexpertise.com\/","name":"GD EXPERTISE","description":"Un expert b\u00e2timent en toutes circonstances!","publisher":{"@id":"https:\/\/gdexpertise.com\/#organization"},"potentialAction":[{"@type":"SearchAction","target":{"@type":"EntryPoint","urlTemplate":"https:\/\/gdexpertise.com\/?s={search_term_string}"},"query-input":{"@type":"PropertyValueSpecification","valueRequired":true,"valueName":"search_term_string"}}],"inLanguage":"fr-FR"},{"@type":"Organization","@id":"https:\/\/gdexpertise.com\/#organization","name":"GD EXPERTISE","url":"https:\/\/gdexpertise.com\/","logo":{"@type":"ImageObject","inLanguage":"fr-FR","@id":"https:\/\/gdexpertise.com\/#\/schema\/logo\/image\/","url":"https:\/\/gdexpertise.com\/wp-content\/uploads\/2024\/03\/cropped-GD-EXPERTISE-2E447D.png","contentUrl":"https:\/\/gdexpertise.com\/wp-content\/uploads\/2024\/03\/cropped-GD-EXPERTISE-2E447D.png","width":500,"height":231,"caption":"GD EXPERTISE"},"image":{"@id":"https:\/\/gdexpertise.com\/#\/schema\/logo\/image\/"}}]}},"_links":{"self":[{"href":"https:\/\/gdexpertise.com\/index.php\/wp-json\/wp\/v2\/pages\/302","targetHints":{"allow":["GET"]}}],"collection":[{"href":"https:\/\/gdexpertise.com\/index.php\/wp-json\/wp\/v2\/pages"}],"about":[{"href":"https:\/\/gdexpertise.com\/index.php\/wp-json\/wp\/v2\/types\/page"}],"author":[{"embeddable":true,"href":"https:\/\/gdexpertise.com\/index.php\/wp-json\/wp\/v2\/users\/1"}],"replies":[{"embeddable":true,"href":"https:\/\/gdexpertise.com\/index.php\/wp-json\/wp\/v2\/comments?post=302"}],"version-history":[{"count":71,"href":"https:\/\/gdexpertise.com\/index.php\/wp-json\/wp\/v2\/pages\/302\/revisions"}],"predecessor-version":[{"id":741,"href":"https:\/\/gdexpertise.com\/index.php\/wp-json\/wp\/v2\/pages\/302\/revisions\/741"}],"wp:attachment":[{"href":"https:\/\/gdexpertise.com\/index.php\/wp-json\/wp\/v2\/media?parent=302"}],"curies":[{"name":"wp","href":"https:\/\/api.w.org\/{rel}","templated":true}]}}